{"id":8,"date":"2014-03-29T14:50:14","date_gmt":"2014-03-29T14:50:14","guid":{"rendered":"http:\/\/hallino.net\/?page_id=8"},"modified":"2014-04-21T11:38:30","modified_gmt":"2014-04-21T11:38:30","slug":"impressum","status":"publish","type":"page","link":"http:\/\/hallino.net\/?page_id=8","title":{"rendered":""},"content":{"rendered":"<p>&nbsp;<\/p>\n<p style=\"padding-left: 30px;\"><a href=\"http:\/\/hallino.net\/wp-content\/uploads\/2014\/03\/adresse.png\"><img loading=\"lazy\" decoding=\"async\" class=\"alignnone  wp-image-13\" alt=\"adresse\" src=\"http:\/\/hallino.net\/wp-content\/uploads\/2014\/03\/adresse.png\" width=\"175\" height=\"90\" \/><\/a><\/p>\n<style type=\"text\/css\"><!--\nP { margin-bottom: 0.21cm; }A:link {  }\n--><\/style>\n<style type=\"text\/css\"><!--\nP { margin-bottom: 0.21cm; }A:link {  }\n--><\/style>\n<h2><span style=\"font-size: small;\">Inhalte diese <\/span><span style=\"font-size: small;\">Seite<\/span><span style=\"font-size: small;\"> unterliegen einer Creative-Commons-Lizenz. Sie d\u00fcrfen die Inhalte vervielf\u00e4ltigen, verbreiten und \u00f6ffentlich zug\u00e4nglich machen. Bedingungen: Namensnennung, Weitergabe unter gleichen Bedingungen. <a href=\"http:\/\/creativecommons.org\/licenses\/by-sa\/3.0\/de\/\">Einzelheiten zur Lizenz.<\/a><\/span><\/h2>\n<p id=\"line1\">\n","protected":false},"excerpt":{"rendered":"<p>&nbsp; Inhalte diese Seite unterliegen einer Creative-Commons-Lizenz. Sie d\u00fcrfen die Inhalte vervielf\u00e4ltigen, verbreiten und \u00f6ffentlich zug\u00e4nglich machen. Bedingungen: Namensnennung, Weitergabe unter gleichen Bedingungen. Einzelheiten zur Lizenz.<\/p>\n","protected":false},"author":1,"featured_media":0,"parent":0,"menu_order":0,"comment_status":"closed","ping_status":"open","template":"","meta":{"footnotes":""},"class_list":["post-8","page","type-page","status-publish","hentry"],"_links":{"self":[{"href":"http:\/\/hallino.net\/index.php?rest_route=\/wp\/v2\/pages\/8","targetHints":{"allow":["GET"]}}],"collection":[{"href":"http:\/\/hallino.net\/index.php?rest_route=\/wp\/v2\/pages"}],"about":[{"href":"http:\/\/hallino.net\/index.php?rest_route=\/wp\/v2\/types\/page"}],"author":[{"embeddable":true,"href":"http:\/\/hallino.net\/index.php?rest_route=\/wp\/v2\/users\/1"}],"replies":[{"embeddable":true,"href":"http:\/\/hallino.net\/index.php?rest_route=%2Fwp%2Fv2%2Fcomments&post=8"}],"version-history":[{"count":12,"href":"http:\/\/hallino.net\/index.php?rest_route=\/wp\/v2\/pages\/8\/revisions"}],"predecessor-version":[{"id":14,"href":"http:\/\/hallino.net\/index.php?rest_route=\/wp\/v2\/pages\/8\/revisions\/14"}],"wp:attachment":[{"href":"http:\/\/hallino.net\/index.php?rest_route=%2Fwp%2Fv2%2Fmedia&parent=8"}],"curies":[{"name":"wp","href":"https:\/\/api.w.org\/{rel}","templated":true}]}}